{"id":1193,"date":"2019-01-22T14:48:19","date_gmt":"2019-01-22T13:48:19","guid":{"rendered":"https:\/\/familien.fr\/?page_id=1193"},"modified":"2020-09-15T14:24:31","modified_gmt":"2020-09-15T12:24:31","slug":"livret","status":"publish","type":"page","link":"https:\/\/familien.fr\/index.php\/livret\/","title":{"rendered":"Livret"},"content":{"rendered":"<p>[et_pb_section fb_built=\u00a0\u00bb1&Prime; _builder_version=\u00a0\u00bb3.22.3&Prime; background_image=\u00a0\u00bbhttps:\/\/familien.fr\/wp-content\/uploads\/2018\/12\/IMGP4603-min.jpg\u00a0\u00bb][et_pb_row _builder_version=\u00a0\u00bb3.25&Prime; background_size=\u00a0\u00bbinitial\u00a0\u00bb background_position=\u00a0\u00bbtop_left\u00a0\u00bb background_repeat=\u00a0\u00bbrepeat\u00a0\u00bb][et_pb_column type=\u00a0\u00bb4_4&Prime; _builder_version=\u00a0\u00bb3.25&Prime; custom_padding=\u00a0\u00bb|||\u00a0\u00bb custom_padding__hover=\u00a0\u00bb|||\u00a0\u00bb][et_pb_text _builder_version=\u00a0\u00bb3.27.4&Prime;]<\/p>\n<h1>Livret l&rsquo;h\u00f4pital<\/h1>\n<p>[\/et_pb_text][\/et_pb_column][\/et_pb_row][\/et_pb_section][et_pb_section fb_built=\u00a0\u00bb1&Prime; _builder_version=\u00a0\u00bb3.22.3&Prime;][et_pb_row column_structure=\u00a0\u00bb1_2,1_2&Prime; _builder_version=\u00a0\u00bb3.25&Prime; background_size=\u00a0\u00bbinitial\u00a0\u00bb background_position=\u00a0\u00bbtop_left\u00a0\u00bb background_repeat=\u00a0\u00bbrepeat\u00a0\u00bb][et_pb_column type=\u00a0\u00bb1_2&Prime; _builder_version=\u00a0\u00bb3.25&Prime; custom_padding=\u00a0\u00bb|||\u00a0\u00bb custom_padding__hover=\u00a0\u00bb|||\u00a0\u00bb][et_pb_gallery gallery_ids=\u00a0\u00bb1799,1143,1144,1146,1147&Prime; posts_number=\u00a0\u00bb5&Prime; show_title_and_caption=\u00a0\u00bboff\u00a0\u00bb show_pagination=\u00a0\u00bboff\u00a0\u00bb _builder_version=\u00a0\u00bb4.0.7&Prime;][\/et_pb_gallery][\/et_pb_column][et_pb_column type=\u00a0\u00bb1_2&Prime; _builder_version=\u00a0\u00bb3.25&Prime; custom_padding=\u00a0\u00bb|||\u00a0\u00bb custom_padding__hover=\u00a0\u00bb|||\u00a0\u00bb][et_pb_text _builder_version=\u00a0\u00bb4.6.1&Prime; hover_enabled=\u00a0\u00bb0&Prime; sticky_enabled=\u00a0\u00bb0&Prime;]<\/p>\n<p>Un papa hospitalis\u00e9, un oncle malade, une soeur op\u00e9r\u00e9e &#8230; De nombreuses situations peuvent confronter les enfants \u00e0 l&rsquo;hospitalisation d&rsquo;un proche.<\/p>\n<p>Face \u00e0 cette situation, les questions se bousculent dans la t\u00eate des enfants.<\/p>\n<p>Et de votre c\u00f4t\u00e9 de pose alors le dil\u00e8me de savoir comment y r\u00e9pondre ?<\/p>\n<p>Que dire, comment expliquer sans inqui\u00e9ter ? Comment pr\u00e9parer la visite \u00e0 l&rsquo;h\u00f4pital ? Et si ces derni\u00e8res ne sont pas autoris\u00e9es ?<\/p>\n<p>Familien a donc cr\u00e9\u00e9 un livret de 18 pages pour accompagner votre enfant \u00e0 appr\u00e9hender la visite \u00e0 l\u2019h\u00f4pital mais aussi vous aider \u00e0 mettre des mots sur ses interrogations.<\/p>\n<p>Ce livret comporte des explications, des illustrations et diverses activit\u00e9s sur le th\u00e8me de l&rsquo;h\u00f4pital. En bonus 4 cartes \u00ab\u00a0\u00e9motions\u00a0\u00bb \u00e0 d\u00e9couper.<\/p>\n<p>Age conseill\u00e9 : 2 \u00e0 6 ans<\/p>\n<p>Le livret Familien l&rsquo;h\u00f4pital est disponible dans de nombreuses librairies. Alors, vous souhaitez le commander ? Rien de plus simple, commandez le chez <a href=\"https:\/\/www.chez-mon-libraire.fr\/livre\/9782367176697-l-hopital-preparer-les-enfants-qui-vont-rendre-visite-a-un-proche-hospitalise-collectif\/\">votre libraire pr\u00e9f\u00e9r\u00e9<\/a> !<\/p>\n<p>N&rsquo;h\u00e9sitez pas \u00e0 aller jeter un coup d&rsquo;oeil sur <a href=\"https:\/\/familien.fr\/index.php\/2019\/01\/11\/rendre-visite-a-un-proche-hospitalise\/\">notre article de blog<\/a> qui traite de ce sujet. Vous trouverez dedans de nombreux conseils et ressources pour vous accompagner.<\/p>\n<p>Pour toute demande d&rsquo;information, n&rsquo;h\u00e9sitez pas \u00e0 nous \u00e9crire via le formulaire contact.<\/p>\n<p>[\/et_pb_text][\/et_pb_column][\/et_pb_row][et_pb_row column_structure=\u00a0\u00bb3_5,2_5&Prime; _builder_version=\u00a0\u00bb3.25&Prime; min_height=\u00a0\u00bb56px\u00a0\u00bb][et_pb_column type=\u00a0\u00bb3_5&Prime; _builder_version=\u00a0\u00bb3.25&Prime; custom_padding=\u00a0\u00bb|||\u00a0\u00bb custom_padding__hover=\u00a0\u00bb|||\u00a0\u00bb][\/et_pb_column][et_pb_column type=\u00a0\u00bb2_5&Prime; _builder_version=\u00a0\u00bb3.25&Prime; custom_padding=\u00a0\u00bb|||\u00a0\u00bb custom_padding__hover=\u00a0\u00bb|||\u00a0\u00bb][\/et_pb_column][\/et_pb_row][et_pb_row column_structure=\u00a0\u00bb1_2,1_2&Prime; _builder_version=\u00a0\u00bb3.25&Prime; background_size=\u00a0\u00bbinitial\u00a0\u00bb background_position=\u00a0\u00bbtop_left\u00a0\u00bb background_repeat=\u00a0\u00bbrepeat\u00a0\u00bb][et_pb_column type=\u00a0\u00bb1_2&Prime; _builder_version=\u00a0\u00bb3.25&Prime; custom_padding=\u00a0\u00bb|||\u00a0\u00bb custom_padding__hover=\u00a0\u00bb|||\u00a0\u00bb][et_pb_text _builder_version=\u00a0\u00bb4.0.7&Prime; custom_margin=\u00a0\u00bb-93px||\u00a0\u00bb]<\/p>\n<h2>Nos livrets dans vos librairies pr\u00e9f\u00e9r\u00e9es<\/h2>\n<p>Les livrets Familien sont disponibles dans de nombreuses librairies. Si vous ne les trouvez pas dans votre librairie pr\u00e9f\u00e9r\u00e9e ? Il vous suffit de leur demander de le commander aupr\u00e8s de notre \u00e9diteur Chronique sociale et le tour est jou\u00e9 !<\/p>\n<p>[\/et_pb_text][et_pb_button button_url=\u00a0\u00bbhttps:\/\/www.chez-mon-libraire.fr\/livre\/9782367176697-l-hopital-preparer-les-enfants-qui-vont-rendre-visite-a-un-proche-hospitalise-collectif\/\u00a0\u00bb button_text=\u00a0\u00bbChezmonlibraire.fr\u00a0\u00bb _builder_version=\u00a0\u00bb4.0.7&Prime;][\/et_pb_button][\/et_pb_column][et_pb_column type=\u00a0\u00bb1_2&Prime; _builder_version=\u00a0\u00bb3.25&Prime; custom_padding=\u00a0\u00bb|||\u00a0\u00bb custom_padding__hover=\u00a0\u00bb|||\u00a0\u00bb][et_pb_contact_form email=\u00a0\u00bbcontact@familien.fr\u00a0\u00bb success_message=\u00a0\u00bbVotre message a \u00e9t\u00e9 envoy\u00e9 ! \u00a0\u00bb submit_button_text=\u00a0\u00bbEnvoyer\u00a0\u00bb module_id=\u00a0\u00bbet_pb_contact_form_0&Prime; _builder_version=\u00a0\u00bb3.17.6&Prime;][et_pb_contact_field field_id=\u00a0\u00bbNom\u00a0\u00bb field_title=\u00a0\u00bbNom\u00a0\u00bb _builder_version=\u00a0\u00bb3.17.2&Prime;][\/et_pb_contact_field][et_pb_contact_field field_id=\u00a0\u00bbEmail\u00a0\u00bb field_title=\u00a0\u00bbAdresse e-mail\u00a0\u00bb field_type=\u00a0\u00bbemail\u00a0\u00bb _builder_version=\u00a0\u00bb3.17.2&Prime;][\/et_pb_contact_field][et_pb_contact_field field_id=\u00a0\u00bbMessage\u00a0\u00bb field_title=\u00a0\u00bbMessage\u00a0\u00bb field_type=\u00a0\u00bbtext\u00a0\u00bb fullwidth_field=\u00a0\u00bbon\u00a0\u00bb _builder_version=\u00a0\u00bb3.17.2&Prime;][\/et_pb_contact_field][\/et_pb_contact_form][\/et_pb_column][\/et_pb_row][et_pb_row column_structure=\u00a0\u00bb1_3,1_3,1_3&Prime; _builder_version=\u00a0\u00bb4.0.7&Prime;][et_pb_column type=\u00a0\u00bb1_3&Prime; _builder_version=\u00a0\u00bb4.0.7&Prime;][\/et_pb_column][et_pb_column type=\u00a0\u00bb1_3&Prime; _builder_version=\u00a0\u00bb4.0.7&Prime;][\/et_pb_column][et_pb_column type=\u00a0\u00bb1_3&Prime; _builder_version=\u00a0\u00bb4.0.7&Prime;][et_pb_button button_url=\u00a0\u00bbhttps:\/\/familien.fr\/index.php\/1384-2\/\u00a0\u00bb button_text=\u00a0\u00bbBoutique\u00a0\u00bb button_alignment=\u00a0\u00bbright\u00a0\u00bb _builder_version=\u00a0\u00bb4.0.7&Prime;][\/et_pb_button][\/et_pb_column][\/et_pb_row][\/et_pb_section]<\/p>\n<span class=\"et_bloom_bottom_trigger\"><\/span>","protected":false},"excerpt":{"rendered":"<p>Livret l&rsquo;h\u00f4pitalUn papa hospitalis\u00e9, un oncle malade, une soeur op\u00e9r\u00e9e &#8230; De nombreuses situations peuvent confronter les enfants \u00e0 l&rsquo;hospitalisation d&rsquo;un proche. Face \u00e0 cette situation, les questions se bousculent dans la t\u00eate des enfants. Et de votre c\u00f4t\u00e9 de pose alors le dil\u00e8me de savoir comment y r\u00e9pondre ? Que dire, comment expliquer sans [&hellip;]<\/p>\n","protected":false},"author":1,"featured_media":0,"parent":0,"menu_order":0,"comment_status":"closed","ping_status":"closed","template":"","meta":{"_et_pb_use_builder":"on","_et_pb_old_content":"","_et_gb_content_width":"","footnotes":""},"class_list":["post-1193","page","type-page","status-publish","hentry"],"yoast_head":"<!-- This site is optimized with the Yoast SEO plugin v14.9 - https:\/\/yoast.com\/wordpress\/plugins\/seo\/ -->\n<title>Livret - Familien<\/title>\n<meta name=\"robots\" content=\"index, follow, max-snippet:-1, max-image-preview:large, max-video-preview:-1\" \/>\n<link rel=\"canonical\" href=\"https:\/\/familien.fr\/index.php\/livret\/\" \/>\n<meta property=\"og:locale\" content=\"fr_FR\" \/>\n<meta property=\"og:type\" content=\"article\" \/>\n<meta property=\"og:title\" content=\"Livret - Familien\" \/>\n<meta property=\"og:description\" content=\"Livret l&#039;h\u00f4pitalUn papa hospitalis\u00e9, un oncle malade, une soeur op\u00e9r\u00e9e ... De nombreuses situations peuvent confronter les enfants \u00e0 l&#039;hospitalisation d&#039;un proche. Face \u00e0 cette situation, les questions se bousculent dans la t\u00eate des enfants. Et de votre c\u00f4t\u00e9 de pose alors le dil\u00e8me de savoir comment y r\u00e9pondre ? Que dire, comment expliquer sans [&hellip;]\" \/>\n<meta property=\"og:url\" content=\"https:\/\/familien.fr\/index.php\/livret\/\" \/>\n<meta property=\"og:site_name\" content=\"Familien\" \/>\n<meta property=\"article:publisher\" content=\"https:\/\/www.facebook.com\/accueilfamilien\/\" \/>\n<meta property=\"article:modified_time\" content=\"2020-09-15T12:24:31+00:00\" \/>\n<meta name=\"twitter:card\" content=\"summary\" \/>\n<script type=\"application\/ld+json\" class=\"yoast-schema-graph\">{\"@context\":\"https:\/\/schema.org\",\"@graph\":[{\"@type\":\"WebSite\",\"@id\":\"https:\/\/familien.fr\/#website\",\"url\":\"https:\/\/familien.fr\/\",\"name\":\"Familien\",\"description\":\"accompagnement de la famille confront\\u00e9e \\u00e0 l&#039;hospitalisation\",\"potentialAction\":[{\"@type\":\"SearchAction\",\"target\":\"https:\/\/familien.fr\/?s={search_term_string}\",\"query-input\":\"required name=search_term_string\"}],\"inLanguage\":\"fr-FR\"},{\"@type\":\"WebPage\",\"@id\":\"https:\/\/familien.fr\/index.php\/livret\/#webpage\",\"url\":\"https:\/\/familien.fr\/index.php\/livret\/\",\"name\":\"Livret - Familien\",\"isPartOf\":{\"@id\":\"https:\/\/familien.fr\/#website\"},\"datePublished\":\"2019-01-22T13:48:19+00:00\",\"dateModified\":\"2020-09-15T12:24:31+00:00\",\"inLanguage\":\"fr-FR\",\"potentialAction\":[{\"@type\":\"ReadAction\",\"target\":[\"https:\/\/familien.fr\/index.php\/livret\/\"]}]}]}<\/script>\n<!-- \/ Yoast SEO plugin. -->","_links":{"self":[{"href":"https:\/\/familien.fr\/index.php\/wp-json\/wp\/v2\/pages\/1193","targetHints":{"allow":["GET"]}}],"collection":[{"href":"https:\/\/familien.fr\/index.php\/wp-json\/wp\/v2\/pages"}],"about":[{"href":"https:\/\/familien.fr\/index.php\/wp-json\/wp\/v2\/types\/page"}],"author":[{"embeddable":true,"href":"https:\/\/familien.fr\/index.php\/wp-json\/wp\/v2\/users\/1"}],"replies":[{"embeddable":true,"href":"https:\/\/familien.fr\/index.php\/wp-json\/wp\/v2\/comments?post=1193"}],"version-history":[{"count":27,"href":"https:\/\/familien.fr\/index.php\/wp-json\/wp\/v2\/pages\/1193\/revisions"}],"predecessor-version":[{"id":2189,"href":"https:\/\/familien.fr\/index.php\/wp-json\/wp\/v2\/pages\/1193\/revisions\/2189"}],"wp:attachment":[{"href":"https:\/\/familien.fr\/index.php\/wp-json\/wp\/v2\/media?parent=1193"}],"curies":[{"name":"wp","href":"https:\/\/api.w.org\/{rel}","templated":true}]}}