{"id":1384,"date":"2019-07-08T12:38:12","date_gmt":"2019-07-08T10:38:12","guid":{"rendered":"https:\/\/familien.fr\/?page_id=1384"},"modified":"2020-09-14T15:56:05","modified_gmt":"2020-09-14T13:56:05","slug":"1384-2","status":"publish","type":"page","link":"https:\/\/familien.fr\/index.php\/1384-2\/","title":{"rendered":"Livrets"},"content":{"rendered":"<p>[et_pb_section fb_built=\u00a0\u00bb1&Prime; _builder_version=\u00a0\u00bb3.22.3&Prime; background_image=\u00a0\u00bbhttps:\/\/familien.fr\/wp-content\/uploads\/2018\/12\/IMGP4603-min.jpg\u00a0\u00bb][et_pb_row _builder_version=\u00a0\u00bb3.25&Prime; background_size=\u00a0\u00bbinitial\u00a0\u00bb background_position=\u00a0\u00bbtop_left\u00a0\u00bb background_repeat=\u00a0\u00bbrepeat\u00a0\u00bb][et_pb_column type=\u00a0\u00bb4_4&Prime; _builder_version=\u00a0\u00bb3.25&Prime; custom_padding=\u00a0\u00bb|||\u00a0\u00bb custom_padding__hover=\u00a0\u00bb|||\u00a0\u00bb][et_pb_text _builder_version=\u00a0\u00bb3.27.4&Prime;]<\/p>\n<h1>LivretS<\/h1>\n<p>[\/et_pb_text][\/et_pb_column][\/et_pb_row][\/et_pb_section][et_pb_section fb_built=\u00a0\u00bb1&Prime; _builder_version=\u00a0\u00bb3.22.3&Prime;][et_pb_row _builder_version=\u00a0\u00bb3.25&Prime; background_size=\u00a0\u00bbinitial\u00a0\u00bb background_position=\u00a0\u00bbtop_left\u00a0\u00bb background_repeat=\u00a0\u00bbrepeat\u00a0\u00bb][et_pb_column type=\u00a0\u00bb4_4&Prime; _builder_version=\u00a0\u00bb3.25&Prime; custom_padding=\u00a0\u00bb|||\u00a0\u00bb custom_padding__hover=\u00a0\u00bb|||\u00a0\u00bb][et_pb_text _builder_version=\u00a0\u00bb4.6.1&Prime; hover_enabled=\u00a0\u00bb0&Prime; sticky_enabled=\u00a0\u00bb0&Prime;]<\/p>\n<p style=\"text-align: center;\">L&rsquo;association Familien d\u00e9veloppe une s\u00e9rie de livrets aux th\u00e8mes vari\u00e9s.\u00a0 Ils accompagnent les enfants confront\u00e9s \u00e0 la maladie ou l&rsquo;hospitalisation d&rsquo;un proche.<\/p>\n<p style=\"text-align: center;\">Disponibles \u00e9ditions <a href=\"https:\/\/www.chroniquesociale.com\/\">Chronique Sociale . <\/a>Vous pouvez les trouver dans de <a href=\"https:\/\/www.chez-mon-libraire.fr\/\">nombreuses librairies<\/a>.<\/p>\n<p style=\"text-align: center;\">Vous trouverez dans chacun d&rsquo;eux des explications illustr\u00e9es et des activit\u00e9s,\u00a0<strong>adapt\u00e9es aux\u00a0enfants de 2 ans \u00e0 6 ans.<\/strong><\/p>\n<p style=\"text-align: center;\">Dans ces livrets votre enfant pourra suivre nos petites mascottes Croquette et Ch\u00e2taigne, et partager avec eux ce chamboulement.<\/p>\n<p style=\"text-align: center;\">L&rsquo;association d\u00e9veloppe aussi une s\u00e9rie de ressources t\u00e9l\u00e9chargeables gratuitement. N&rsquo;h\u00e9sitez pas \u00e0 vous rendre sur notre page <a href=\"https:\/\/familien.fr\/index.php\/ressources\/\">Ressources<\/a> afin de trouver votre bonheur !<\/p>\n<p>[\/et_pb_text][\/et_pb_column][\/et_pb_row][et_pb_row column_structure=\u00a0\u00bb1_3,1_3,1_3&Prime; _builder_version=\u00a0\u00bb3.25&Prime; background_size=\u00a0\u00bbinitial\u00a0\u00bb background_position=\u00a0\u00bbtop_left\u00a0\u00bb background_repeat=\u00a0\u00bbrepeat\u00a0\u00bb][et_pb_column type=\u00a0\u00bb1_3&Prime; _builder_version=\u00a0\u00bb3.25&Prime; custom_padding=\u00a0\u00bb|||\u00a0\u00bb custom_padding__hover=\u00a0\u00bb|||\u00a0\u00bb][et_pb_image src=\u00a0\u00bbhttps:\/\/familien.fr\/wp-content\/uploads\/2020\/01\/Couverture-lh\u00f4pital.jpg\u00a0\u00bb url=\u00a0\u00bbhttps:\/\/familien.fr\/index.php\/livret\/?et_fb=1&#038;PageSpeed=off\u00a0\u00bb align=\u00a0\u00bbcenter\u00a0\u00bb align_tablet=\u00a0\u00bbcenter\u00a0\u00bb align_phone=\u00a0\u00bb\u00a0\u00bb align_last_edited=\u00a0\u00bbon|desktop\u00a0\u00bb _builder_version=\u00a0\u00bb4.6.1&Prime; width=\u00a0\u00bb50%\u00a0\u00bb hover_enabled=\u00a0\u00bb0&Prime; box_shadow_style=\u00a0\u00bbpreset2&Prime; alt=\u00a0\u00bblivret Familien l&rsquo;h\u00f4pital\u00a0\u00bb sticky_enabled=\u00a0\u00bb0&Prime;][\/et_pb_image][et_pb_button button_url=\u00a0\u00bbhttps:\/\/familien.fr\/index.php\/livret\/?et_fb=1&#038;PageSpeed=off\u00a0\u00bb button_text=\u00a0\u00bbL&rsquo;h\u00f4pital\u00a0\u00bb button_alignment=\u00a0\u00bbcenter\u00a0\u00bb _builder_version=\u00a0\u00bb3.22.7&Prime; custom_margin=\u00a0\u00bb|||\u00a0\u00bb][\/et_pb_button][\/et_pb_column][et_pb_column type=\u00a0\u00bb1_3&Prime; _builder_version=\u00a0\u00bb3.25&Prime; custom_padding=\u00a0\u00bb|||\u00a0\u00bb custom_padding__hover=\u00a0\u00bb|||\u00a0\u00bb][et_pb_image src=\u00a0\u00bbhttps:\/\/familien.fr\/wp-content\/uploads\/2020\/01\/couverture-la-maternit\u00e9.jpg\u00a0\u00bb url=\u00a0\u00bbhttps:\/\/familien.fr\/?page_id=1401&#038;et_fb=1&#038;PageSpeed=off\u00a0\u00bb align=\u00a0\u00bbcenter\u00a0\u00bb align_tablet=\u00a0\u00bbcenter\u00a0\u00bb align_phone=\u00a0\u00bb\u00a0\u00bb align_last_edited=\u00a0\u00bbon|desktop\u00a0\u00bb _builder_version=\u00a0\u00bb4.6.1&Prime; width=\u00a0\u00bb50%\u00a0\u00bb hover_enabled=\u00a0\u00bb0&Prime; box_shadow_style=\u00a0\u00bbpreset2&Prime; alt=\u00a0\u00bblivret Familien la maternit\u00e9\u00a0\u00bb sticky_enabled=\u00a0\u00bb0&Prime;][\/et_pb_image][et_pb_button button_url=\u00a0\u00bbhttps:\/\/familien.fr\/?page_id=1401&#038;et_fb=1&#038;PageSpeed=off\u00a0\u00bb button_text=\u00a0\u00bbLa maternit\u00e9\u00a0\u00bb button_alignment=\u00a0\u00bbcenter\u00a0\u00bb _builder_version=\u00a0\u00bb3.22.7&Prime; custom_margin=\u00a0\u00bb|||\u00a0\u00bb][\/et_pb_button][\/et_pb_column][et_pb_column type=\u00a0\u00bb1_3&Prime; _builder_version=\u00a0\u00bb3.25&Prime; custom_padding=\u00a0\u00bb|||\u00a0\u00bb custom_padding__hover=\u00a0\u00bb|||\u00a0\u00bb][et_pb_image src=\u00a0\u00bbhttps:\/\/familien.fr\/wp-content\/uploads\/2020\/01\/Capture-d\u2019\u00e9cran-45.png\u00a0\u00bb title_text=\u00a0\u00bbCapture d\u2019\u00e9cran (45)\u00a0\u00bb url=\u00a0\u00bbhttps:\/\/familien.fr\/?page_id=1835&#038;et_fb=1&#038;PageSpeed=off\u00a0\u00bb align=\u00a0\u00bbcenter\u00a0\u00bb align_tablet=\u00a0\u00bbcenter\u00a0\u00bb align_phone=\u00a0\u00bb\u00a0\u00bb align_last_edited=\u00a0\u00bbon|desktop\u00a0\u00bb _builder_version=\u00a0\u00bb4.6.1&Prime; width=\u00a0\u00bb50%\u00a0\u00bb hover_enabled=\u00a0\u00bb0&Prime; box_shadow_style=\u00a0\u00bbpreset2&Prime; alt=\u00a0\u00bblivret Familien la g\u00e9riatrie\u00a0\u00bb sticky_enabled=\u00a0\u00bb0&Prime;][\/et_pb_image][et_pb_button button_url=\u00a0\u00bbhttps:\/\/familien.fr\/?page_id=1835&#038;et_fb=1&#038;PageSpeed=off\u00a0\u00bb button_text=\u00a0\u00bbLa g\u00e9riatrie\u00a0\u00bb button_alignment=\u00a0\u00bbcenter\u00a0\u00bb _builder_version=\u00a0\u00bb4.2.2&Prime; custom_margin=\u00a0\u00bb|||\u00a0\u00bb][\/et_pb_button][\/et_pb_column][\/et_pb_row][et_pb_row column_structure=\u00a0\u00bb1_3,1_3,1_3&Prime; _builder_version=\u00a0\u00bb4.0.7&Prime;][et_pb_column type=\u00a0\u00bb1_3&Prime; _builder_version=\u00a0\u00bb4.0.7&Prime;][et_pb_image src=\u00a0\u00bbhttps:\/\/familien.fr\/wp-content\/uploads\/2020\/09\/LIVRET20PSYCHIATRIE_couv_20.01.2020-01-01.png\u00a0\u00bb title_text=\u00a0\u00bbLIVRETPSYCHIATRIE_couv_20.01.2020-01-01&Prime; url=\u00a0\u00bbhttps:\/\/familien.fr\/index.php\/livret-psychiatrie\/\u00a0\u00bb align=\u00a0\u00bbcenter\u00a0\u00bb align_tablet=\u00a0\u00bbcenter\u00a0\u00bb align_phone=\u00a0\u00bb\u00a0\u00bb align_last_edited=\u00a0\u00bbon|desktop\u00a0\u00bb _builder_version=\u00a0\u00bb4.6.1&Prime; width=\u00a0\u00bb50%\u00a0\u00bb hover_enabled=\u00a0\u00bb0&Prime; box_shadow_style=\u00a0\u00bbpreset2&Prime; alt=\u00a0\u00bblivret Familien la psychiatrie\u00a0\u00bb sticky_enabled=\u00a0\u00bb0&Prime;][\/et_pb_image][et_pb_button button_url=\u00a0\u00bbhttps:\/\/familien.fr\/index.php\/livret-psychiatrie\/\u00a0\u00bb button_text=\u00a0\u00bbLa psychiatrie\u00a0\u00bb button_alignment=\u00a0\u00bbcenter\u00a0\u00bb _builder_version=\u00a0\u00bb4.2.2&Prime; custom_margin=\u00a0\u00bb|||\u00a0\u00bb][\/et_pb_button][\/et_pb_column][et_pb_column type=\u00a0\u00bb1_3&Prime; _builder_version=\u00a0\u00bb4.0.7&Prime;][et_pb_image src=\u00a0\u00bbhttps:\/\/familien.fr\/wp-content\/uploads\/2020\/09\/LIVRET20HAD_couv_20.01.2020-01-prochainement-v2.png\u00a0\u00bb title_text=\u00a0\u00bbLIVRETHAD_couv_20.01.2020-01 prochainement v2&Prime; url=\u00a0\u00bbhttps:\/\/familien.fr\/index.php\/hospitalisation-a-domicile\/\u00a0\u00bb align=\u00a0\u00bbcenter\u00a0\u00bb align_tablet=\u00a0\u00bbcenter\u00a0\u00bb align_phone=\u00a0\u00bb\u00a0\u00bb align_last_edited=\u00a0\u00bbon|desktop\u00a0\u00bb _builder_version=\u00a0\u00bb4.6.1&Prime; width=\u00a0\u00bb50%\u00a0\u00bb hover_enabled=\u00a0\u00bb0&Prime; box_shadow_style=\u00a0\u00bbpreset2&Prime; alt=\u00a0\u00bblivret familien l&rsquo;hospitalisation \u00e0 domicile\u00a0\u00bb sticky_enabled=\u00a0\u00bb0&Prime;][\/et_pb_image][et_pb_button button_url=\u00a0\u00bbhttps:\/\/familien.fr\/index.php\/hospitalisation-a-domicile\/\u00a0\u00bb button_text=\u00a0\u00bbL&rsquo;HAD\u00a0\u00bb button_alignment=\u00a0\u00bbcenter\u00a0\u00bb _builder_version=\u00a0\u00bb4.2.2&Prime; custom_margin=\u00a0\u00bb|||\u00a0\u00bb][\/et_pb_button][\/et_pb_column][et_pb_column type=\u00a0\u00bb1_3&Prime; _builder_version=\u00a0\u00bb4.0.7&Prime;][et_pb_image src=\u00a0\u00bbhttps:\/\/familien.fr\/wp-content\/uploads\/2020\/01\/Livrets202.png\u00a0\u00bb url=\u00a0\u00bbhttps:\/\/familien.fr\/?page_id=1868&#038;et_fb=1&#038;PageSpeed=off\u00a0\u00bb align=\u00a0\u00bbcenter\u00a0\u00bb align_tablet=\u00a0\u00bbcenter\u00a0\u00bb align_phone=\u00a0\u00bb\u00a0\u00bb align_last_edited=\u00a0\u00bbon|desktop\u00a0\u00bb _builder_version=\u00a0\u00bb4.6.1&Prime; width=\u00a0\u00bb50%\u00a0\u00bb hover_enabled=\u00a0\u00bb0&Prime; box_shadow_style=\u00a0\u00bbpreset2&Prime; alt=\u00a0\u00bbvos suggestions de livrets\u00a0\u00bb sticky_enabled=\u00a0\u00bb0&Prime;][\/et_pb_image][et_pb_button button_url=\u00a0\u00bbhttps:\/\/familien.fr\/?page_id=1868&#038;et_fb=1&#038;PageSpeed=off\u00a0\u00bb button_text=\u00a0\u00bbVos suggestions\u00a0\u00bb button_alignment=\u00a0\u00bbcenter\u00a0\u00bb _builder_version=\u00a0\u00bb4.2.2&Prime; custom_margin=\u00a0\u00bb|||\u00a0\u00bb][\/et_pb_button][\/et_pb_column][\/et_pb_row][\/et_pb_section]<\/p>\n<span class=\"et_bloom_bottom_trigger\"><\/span>","protected":false},"excerpt":{"rendered":"<p>LivretSL&rsquo;association Familien d\u00e9veloppe une s\u00e9rie de livrets aux th\u00e8mes vari\u00e9s.\u00a0 Ils accompagnent les enfants confront\u00e9s \u00e0 la maladie ou l&rsquo;hospitalisation d&rsquo;un proche. Disponibles \u00e9ditions Chronique Sociale . Vous pouvez les trouver dans de nombreuses librairies. Vous trouverez dans chacun d&rsquo;eux des explications illustr\u00e9es et des activit\u00e9s,\u00a0adapt\u00e9es aux\u00a0enfants de 2 ans \u00e0 6 ans. Dans ces [&hellip;]<\/p>\n","protected":false},"author":1,"featured_media":0,"parent":0,"menu_order":0,"comment_status":"closed","ping_status":"closed","template":"","meta":{"_et_pb_use_builder":"on","_et_pb_old_content":"","_et_gb_content_width":"","footnotes":""},"class_list":["post-1384","page","type-page","status-publish","hentry"],"yoast_head":"<!-- This site is optimized with the Yoast SEO plugin v14.9 - https:\/\/yoast.com\/wordpress\/plugins\/seo\/ -->\n<title>Livrets - Familien<\/title>\n<meta name=\"robots\" content=\"index, follow, max-snippet:-1, max-image-preview:large, max-video-preview:-1\" \/>\n<link rel=\"canonical\" href=\"https:\/\/familien.fr\/index.php\/1384-2\/\" \/>\n<meta property=\"og:locale\" content=\"fr_FR\" \/>\n<meta property=\"og:type\" content=\"article\" \/>\n<meta property=\"og:title\" content=\"Livrets - Familien\" \/>\n<meta property=\"og:description\" content=\"LivretSL&#039;association Familien d\u00e9veloppe une s\u00e9rie de livrets aux th\u00e8mes vari\u00e9s.\u00a0 Ils accompagnent les enfants confront\u00e9s \u00e0 la maladie ou l&#039;hospitalisation d&#039;un proche. Disponibles \u00e9ditions Chronique Sociale . Vous pouvez les trouver dans de nombreuses librairies. Vous trouverez dans chacun d&#039;eux des explications illustr\u00e9es et des activit\u00e9s,\u00a0adapt\u00e9es aux\u00a0enfants de 2 ans \u00e0 6 ans. Dans ces [&hellip;]\" \/>\n<meta property=\"og:url\" content=\"https:\/\/familien.fr\/index.php\/1384-2\/\" \/>\n<meta property=\"og:site_name\" content=\"Familien\" \/>\n<meta property=\"article:publisher\" content=\"https:\/\/www.facebook.com\/accueilfamilien\/\" \/>\n<meta property=\"article:modified_time\" content=\"2020-09-14T13:56:05+00:00\" \/>\n<meta name=\"twitter:card\" content=\"summary\" \/>\n<script type=\"application\/ld+json\" class=\"yoast-schema-graph\">{\"@context\":\"https:\/\/schema.org\",\"@graph\":[{\"@type\":\"WebSite\",\"@id\":\"https:\/\/familien.fr\/#website\",\"url\":\"https:\/\/familien.fr\/\",\"name\":\"Familien\",\"description\":\"accompagnement de la famille confront\\u00e9e \\u00e0 l&#039;hospitalisation\",\"potentialAction\":[{\"@type\":\"SearchAction\",\"target\":\"https:\/\/familien.fr\/?s={search_term_string}\",\"query-input\":\"required name=search_term_string\"}],\"inLanguage\":\"fr-FR\"},{\"@type\":\"WebPage\",\"@id\":\"https:\/\/familien.fr\/index.php\/1384-2\/#webpage\",\"url\":\"https:\/\/familien.fr\/index.php\/1384-2\/\",\"name\":\"Livrets - Familien\",\"isPartOf\":{\"@id\":\"https:\/\/familien.fr\/#website\"},\"datePublished\":\"2019-07-08T10:38:12+00:00\",\"dateModified\":\"2020-09-14T13:56:05+00:00\",\"inLanguage\":\"fr-FR\",\"potentialAction\":[{\"@type\":\"ReadAction\",\"target\":[\"https:\/\/familien.fr\/index.php\/1384-2\/\"]}]}]}<\/script>\n<!-- \/ Yoast SEO plugin. -->","_links":{"self":[{"href":"https:\/\/familien.fr\/index.php\/wp-json\/wp\/v2\/pages\/1384","targetHints":{"allow":["GET"]}}],"collection":[{"href":"https:\/\/familien.fr\/index.php\/wp-json\/wp\/v2\/pages"}],"about":[{"href":"https:\/\/familien.fr\/index.php\/wp-json\/wp\/v2\/types\/page"}],"author":[{"embeddable":true,"href":"https:\/\/familien.fr\/index.php\/wp-json\/wp\/v2\/users\/1"}],"replies":[{"embeddable":true,"href":"https:\/\/familien.fr\/index.php\/wp-json\/wp\/v2\/comments?post=1384"}],"version-history":[{"count":26,"href":"https:\/\/familien.fr\/index.php\/wp-json\/wp\/v2\/pages\/1384\/revisions"}],"predecessor-version":[{"id":2146,"href":"https:\/\/familien.fr\/index.php\/wp-json\/wp\/v2\/pages\/1384\/revisions\/2146"}],"wp:attachment":[{"href":"https:\/\/familien.fr\/index.php\/wp-json\/wp\/v2\/media?parent=1384"}],"curies":[{"name":"wp","href":"https:\/\/api.w.org\/{rel}","templated":true}]}}