{"id":1628,"date":"2019-12-12T15:11:02","date_gmt":"2019-12-12T14:11:02","guid":{"rendered":"https:\/\/familien.fr\/?page_id=1628"},"modified":"2025-01-30T07:53:46","modified_gmt":"2025-01-30T06:53:46","slug":"lassociation","status":"publish","type":"page","link":"https:\/\/familien.fr\/index.php\/lassociation\/","title":{"rendered":"L&rsquo;association"},"content":{"rendered":"<p>[et_pb_section fb_built=\u00a0\u00bb1&Prime; _builder_version=\u00a0\u00bb4.0.7&Prime; background_image=\u00a0\u00bbhttps:\/\/familien.fr\/wp-content\/uploads\/2019\/01\/IMGP0143.jpg\u00a0\u00bb parallax=\u00a0\u00bbon\u00a0\u00bb parallax_method=\u00a0\u00bboff\u00a0\u00bb min_height=\u00a0\u00bb485px\u00a0\u00bb custom_margin=\u00a0\u00bb||67px|||\u00a0\u00bb custom_padding=\u00a0\u00bb||4px|||\u00a0\u00bb global_colors_info=\u00a0\u00bb{}\u00a0\u00bb][et_pb_row _builder_version=\u00a0\u00bb3.25&Prime; background_size=\u00a0\u00bbinitial\u00a0\u00bb background_position=\u00a0\u00bbtop_left\u00a0\u00bb background_repeat=\u00a0\u00bbrepeat\u00a0\u00bb custom_margin=\u00a0\u00bb|auto|221px|auto||\u00a0\u00bb global_colors_info=\u00a0\u00bb{}\u00a0\u00bb][et_pb_column type=\u00a0\u00bb4_4&Prime; _builder_version=\u00a0\u00bb3.25&Prime; custom_padding=\u00a0\u00bb|||\u00a0\u00bb global_colors_info=\u00a0\u00bb{}\u00a0\u00bb custom_padding__hover=\u00a0\u00bb|||\u00a0\u00bb][et_pb_text _builder_version=\u00a0\u00bb3.27.4&Prime; global_colors_info=\u00a0\u00bb{}\u00a0\u00bb]<\/p>\n<h1>L&rsquo;association<\/h1>\n<p>[\/et_pb_text][\/et_pb_column][\/et_pb_row][\/et_pb_section][et_pb_section fb_built=\u00a0\u00bb1&Prime; _builder_version=\u00a0\u00bb3.22.3&Prime; global_colors_info=\u00a0\u00bb{}\u00a0\u00bb][et_pb_row _builder_version=\u00a0\u00bb4.0.7&Prime; custom_margin=\u00a0\u00bb-126px|auto||auto||\u00a0\u00bb global_colors_info=\u00a0\u00bb{}\u00a0\u00bb][et_pb_column type=\u00a0\u00bb4_4&Prime; _builder_version=\u00a0\u00bb4.0.7&Prime; global_colors_info=\u00a0\u00bb{}\u00a0\u00bb][et_pb_text _builder_version=\u00a0\u00bb4.6.1&Prime; global_colors_info=\u00a0\u00bb{}\u00a0\u00bb]<\/p>\n<h2>En bref<\/h2>\n<p>L&rsquo;association Familien cr\u00e9\u00e9e par des professionnels de sant\u00e9 et des parents agit pour prot\u00e9ger et accompagner le lien entre l&rsquo;enfant et son proche hospitalis\u00e9 (parent, fr\u00e8re, soeur, grand-parent, ami&#8230;)<\/p>\n<h3>Notre mission<\/h3>\n<p>&gt; D\u00e9velopper des supports de communication et d&rsquo;information pour les enfants, leurs parents et les professionnels de sant\u00e9 autour de l&rsquo;hospitalisation et de la maladie.<\/p>\n<p>&gt; Encourager l&rsquo;information et l&rsquo;accompagnement des enfants ayant un proche hospitalis\u00e9 afin de diminuer leur incompr\u00e9hensions et leurs angoisses.<\/p>\n<p>&gt; Encourager le maintien du lien entre l&rsquo;enfant et son proche hospitalis\u00e9.<\/p>\n<p>Envie de d\u00e9couvrir nos actions ? Rendez-vous sur <a href=\"https:\/\/familien.fr\/index.php\/boutique\/\">notre boutique<\/a>, vous y trouverez plein de ressources. <\/p>\n<h3>L&rsquo;association<\/h3>\n<p>Familien est une association Loi 1901 fonctionnant gr\u00e2ce aux dons et au soutien de multiples partenaires priv\u00e9s et publics.<\/p>\n<p>Vos dons sont d\u00e9ductibles des impots.<\/p>\n<p>[\/et_pb_text][\/et_pb_column][\/et_pb_row][et_pb_row column_structure=\u00a0\u00bb1_3,1_3,1_3&Prime; _builder_version=\u00a0\u00bb4.0.7&Prime; global_colors_info=\u00a0\u00bb{}\u00a0\u00bb][et_pb_column type=\u00a0\u00bb1_3&Prime; _builder_version=\u00a0\u00bb4.0.7&Prime; global_colors_info=\u00a0\u00bb{}\u00a0\u00bb][et_pb_image src=\u00a0\u00bbhttps:\/\/familien.fr\/wp-content\/uploads\/2019\/03\/Capture-d\u2019\u00e9cran-418.png\u00a0\u00bb _builder_version=\u00a0\u00bb4.0.7&Prime; box_shadow_style=\u00a0\u00bbpreset2&Prime; global_colors_info=\u00a0\u00bb{}\u00a0\u00bb][\/et_pb_image][et_pb_button button_url=\u00a0\u00bbhttps:\/\/www.helloasso.com\/associations\/familien\/formulaires\/1\/widget\u00a0\u00bb button_text=\u00a0\u00bbDon\u00a0\u00bb button_alignment=\u00a0\u00bbleft\u00a0\u00bb _builder_version=\u00a0\u00bb4.0.7&Prime; global_colors_info=\u00a0\u00bb{}\u00a0\u00bb][\/et_pb_button][\/et_pb_column][et_pb_column type=\u00a0\u00bb1_3&Prime; _builder_version=\u00a0\u00bb4.0.7&Prime; global_colors_info=\u00a0\u00bb{}\u00a0\u00bb][\/et_pb_column][et_pb_column type=\u00a0\u00bb1_3&Prime; _builder_version=\u00a0\u00bb4.0.7&Prime; global_colors_info=\u00a0\u00bb{}\u00a0\u00bb][\/et_pb_column][\/et_pb_row][et_pb_row _builder_version=\u00a0\u00bb4.0.7&Prime; global_colors_info=\u00a0\u00bb{}\u00a0\u00bb][et_pb_column type=\u00a0\u00bb4_4&Prime; _builder_version=\u00a0\u00bb4.0.7&Prime; global_colors_info=\u00a0\u00bb{}\u00a0\u00bb][et_pb_text _builder_version=\u00a0\u00bb4.0.7&Prime; global_colors_info=\u00a0\u00bb{}\u00a0\u00bb]<\/p>\n<h3>L&rsquo;\u00e9quipe permanente<\/h3>\n<p>[\/et_pb_text][\/et_pb_column][\/et_pb_row][et_pb_row column_structure=\u00a0\u00bb1_4,1_4,1_4,1_4&Prime; make_equal=\u00a0\u00bbon\u00a0\u00bb admin_label=\u00a0\u00bbrow\u00a0\u00bb _builder_version=\u00a0\u00bb3.25&Prime; background_size=\u00a0\u00bbinitial\u00a0\u00bb background_position=\u00a0\u00bbtop_left\u00a0\u00bb background_repeat=\u00a0\u00bbrepeat\u00a0\u00bb global_colors_info=\u00a0\u00bb{}\u00a0\u00bb][et_pb_column type=\u00a0\u00bb1_4&Prime; _builder_version=\u00a0\u00bb3.25&Prime; custom_padding=\u00a0\u00bb|||\u00a0\u00bb global_colors_info=\u00a0\u00bb{}\u00a0\u00bb custom_padding__hover=\u00a0\u00bb|||\u00a0\u00bb][et_pb_image src=\u00a0\u00bbhttps:\/\/familien.fr\/wp-content\/uploads\/2018\/09\/2018-09-01-3.jpg\u00a0\u00bb align=\u00a0\u00bbcenter\u00a0\u00bb align_tablet=\u00a0\u00bbcenter\u00a0\u00bb align_phone=\u00a0\u00bb\u00a0\u00bb align_last_edited=\u00a0\u00bbon|desktop\u00a0\u00bb _builder_version=\u00a0\u00bb3.23&Prime; max_width=\u00a0\u00bb70%\u00a0\u00bb module_alignment=\u00a0\u00bbcenter\u00a0\u00bb animation_style=\u00a0\u00bbslide\u00a0\u00bb animation_direction=\u00a0\u00bbleft\u00a0\u00bb animation_duration=\u00a0\u00bb500ms\u00a0\u00bb animation_intensity_slide=\u00a0\u00bb10%\u00a0\u00bb border_radii=\u00a0\u00bbon|15px|15px|15px|15px\u00a0\u00bb box_shadow_style=\u00a0\u00bbpreset1&Prime; box_shadow_spread=\u00a0\u00bb2px\u00a0\u00bb box_shadow_color=\u00a0\u00bbrgba(0,0,0,0.6)\u00a0\u00bb use_border_color=\u00a0\u00bboff\u00a0\u00bb global_colors_info=\u00a0\u00bb{}\u00a0\u00bb]&nbsp;<br \/>\n[\/et_pb_image][et_pb_text _builder_version=\u00a0\u00bb3.27.4&Prime; text_font=\u00a0\u00bb||||||||\u00a0\u00bb background_size=\u00a0\u00bbinitial\u00a0\u00bb background_position=\u00a0\u00bbtop_left\u00a0\u00bb background_repeat=\u00a0\u00bbrepeat\u00a0\u00bb text_orientation=\u00a0\u00bbcenter\u00a0\u00bb max_width_phone=\u00a0\u00bb40%\u00a0\u00bb max_width_last_edited=\u00a0\u00bboff|desktop\u00a0\u00bb module_alignment=\u00a0\u00bbcenter\u00a0\u00bb global_colors_info=\u00a0\u00bb{}\u00a0\u00bb]<\/p>\n<h2><span style=\"font-family: lemonnn; font-size: 24pt;\">Emilie Valy<br \/><\/span><\/h2>\n<h2><strong><span style=\"font-size: 14pt;\"><span style=\"font-family: lemonnn;\">Infirmiere &#8211; Pr\u00e9sidente<br \/><\/span><\/span><\/strong><\/h2>\n<h2><strong><span style=\"font-family: lemonnn; font-size: 14pt;\">Emilie.valy@familien.fr<\/span><\/strong><\/h2>\n<p>[\/et_pb_text][et_pb_toggle title=\u00a0\u00bbEmilie en quelques mots :\u00a0\u00bb _builder_version=\u00a0\u00bb3.17.2&Prime; title_level=\u00a0\u00bbh6&Prime; title_font=\u00a0\u00bbHappy Monkey||||||||\u00a0\u00bb title_font_size=\u00a0\u00bb13px\u00a0\u00bb border_style_top=\u00a0\u00bbsolid\u00a0\u00bb border_style_right=\u00a0\u00bbsolid\u00a0\u00bb border_style_bottom=\u00a0\u00bbsolid\u00a0\u00bb border_style_left=\u00a0\u00bbsolid\u00a0\u00bb global_colors_info=\u00a0\u00bb{}\u00a0\u00bb]<span style=\"color: #000000; font-size: 12pt;\">Emilie, elle est infirmi\u00e8re sp\u00e9cialis\u00e9e en psychiatrie, les ann\u00e9es pass\u00e9es au sein de diff\u00e9rents \u00e9tablissements de sant\u00e9 lui ont donn\u00e9 l&rsquo;id\u00e9e de cr\u00e9er Familien.<\/span><\/p>\n<p><span style=\"color: #000000; font-size: 12pt;\">Maman de 2 petits gar\u00e7ons, vice-pr\u00e9sidente d&rsquo;une cr\u00e8che parentale pendant 3 ans, elle conna\u00eet bien le monde de la petite enfance qui la passionne. Elle lit beaucoup sur le sujet et se forme activement.<\/span><\/p>\n<p><span style=\"color: #000000; font-size: 12pt;\">Emilie est dynamique, positive, engag\u00e9e! <\/span><\/p>\n<p><span style=\"color: #000000; font-size: 12pt;\">Fondatrice de Familien elle s&rsquo;investit aujourd&rsquo;hui \u00e0 200% dans la cr\u00e9ation de ce projet avec son \u0153il de soignante et de maman.<\/span><br \/>\n[\/et_pb_toggle][\/et_pb_column][et_pb_column type=\u00a0\u00bb1_4&Prime; _builder_version=\u00a0\u00bb3.25&Prime; custom_padding=\u00a0\u00bb|||\u00a0\u00bb global_colors_info=\u00a0\u00bb{}\u00a0\u00bb custom_padding__hover=\u00a0\u00bb|||\u00a0\u00bb][et_pb_image src=\u00a0\u00bbhttps:\/\/familien.fr\/wp-content\/uploads\/2018\/11\/ophe\u0301.jpg\u00a0\u00bb align=\u00a0\u00bbcenter\u00a0\u00bb align_tablet=\u00a0\u00bbcenter\u00a0\u00bb align_phone=\u00a0\u00bb\u00a0\u00bb align_last_edited=\u00a0\u00bbon|desktop\u00a0\u00bb _builder_version=\u00a0\u00bb3.23&Prime; max_width=\u00a0\u00bb70%\u00a0\u00bb module_alignment=\u00a0\u00bbcenter\u00a0\u00bb animation_style=\u00a0\u00bbslide\u00a0\u00bb animation_direction=\u00a0\u00bbleft\u00a0\u00bb animation_duration=\u00a0\u00bb500ms\u00a0\u00bb animation_intensity_slide=\u00a0\u00bb10%\u00a0\u00bb border_radii=\u00a0\u00bbon|15px|15px|15px|15px\u00a0\u00bb box_shadow_style=\u00a0\u00bbpreset1&Prime; box_shadow_spread=\u00a0\u00bb2px\u00a0\u00bb box_shadow_color=\u00a0\u00bbrgba(0,0,0,0.6)\u00a0\u00bb use_border_color=\u00a0\u00bboff\u00a0\u00bb global_colors_info=\u00a0\u00bb{}\u00a0\u00bb]&nbsp;<br \/>\n[\/et_pb_image][et_pb_text _builder_version=\u00a0\u00bb3.27.4&Prime; background_size=\u00a0\u00bbinitial\u00a0\u00bb background_position=\u00a0\u00bbtop_left\u00a0\u00bb background_repeat=\u00a0\u00bbrepeat\u00a0\u00bb text_orientation=\u00a0\u00bbcenter\u00a0\u00bb global_colors_info=\u00a0\u00bb{}\u00a0\u00bb]<\/p>\n<h2><span style=\"font-family: lemonnn; font-size: 24pt;\">Oph\u00e9lie Pitault<br \/><\/span><\/h2>\n<h2><strong><span style=\"font-size: 14pt;\"><span style=\"font-family: lemonnn;\">designer produit &#8211; Membre<br \/><\/span><\/span><\/strong><\/h2>\n<h2><strong><span style=\"font-family: lemonnn; font-size: 14pt;\">Ophelie.pitault@familien.fr<br \/><\/span><\/strong><\/h2>\n<p>[\/et_pb_text][et_pb_toggle title=\u00a0\u00bbOph\u00e9lie en quelques mots :\u00a0\u00bb _builder_version=\u00a0\u00bb3.17.2&Prime; title_level=\u00a0\u00bbh6&Prime; title_font=\u00a0\u00bbHappy Monkey||||||||\u00a0\u00bb title_font_size=\u00a0\u00bb13px\u00a0\u00bb global_colors_info=\u00a0\u00bb{}\u00a0\u00bb]<span style=\"font-size: 12pt;\">Oph\u00e9lie c&rsquo;est notre magicienne du design&#8230;<\/span><\/p>\n<p><span style=\"font-size: 12pt;\">Toujours pleine d&rsquo;id\u00e9es, elle arrive \u00e0 rendre joli tout ce qui nous passe par la t\u00eate ! En deux trois coups de crayon ou bien clics de souris, c&rsquo;est tout un univers qui se d\u00e9voile ! Tout en douceur et tout en couleur, c&rsquo;est que du bonheur!<\/span><\/p>\n<p><span style=\"font-size: 12pt;\">Oph\u00e9lie elle a dessin\u00e9 notre joli Croquette, et rien que pour \u00e7a nous on l&rsquo;adore !!<\/span><br \/>\n[\/et_pb_toggle][\/et_pb_column][et_pb_column type=\u00a0\u00bb1_4&Prime; _builder_version=\u00a0\u00bb3.25&Prime; custom_padding=\u00a0\u00bb|||\u00a0\u00bb global_colors_info=\u00a0\u00bb{}\u00a0\u00bb custom_padding__hover=\u00a0\u00bb|||\u00a0\u00bb][et_pb_image src=\u00a0\u00bbhttps:\/\/familien.fr\/wp-content\/uploads\/2018\/09\/IMG-20180209-WA0004.jpg\u00a0\u00bb align=\u00a0\u00bbcenter\u00a0\u00bb align_tablet=\u00a0\u00bbcenter\u00a0\u00bb align_phone=\u00a0\u00bb\u00a0\u00bb align_last_edited=\u00a0\u00bbon|desktop\u00a0\u00bb _builder_version=\u00a0\u00bb3.23&Prime; max_width=\u00a0\u00bb70%\u00a0\u00bb module_alignment=\u00a0\u00bbcenter\u00a0\u00bb animation_style=\u00a0\u00bbslide\u00a0\u00bb animation_direction=\u00a0\u00bbleft\u00a0\u00bb animation_duration=\u00a0\u00bb500ms\u00a0\u00bb animation_intensity_slide=\u00a0\u00bb10%\u00a0\u00bb border_radii=\u00a0\u00bbon|15px|15px|15px|15px\u00a0\u00bb box_shadow_style=\u00a0\u00bbpreset1&Prime; box_shadow_spread=\u00a0\u00bb2px\u00a0\u00bb box_shadow_color=\u00a0\u00bbrgba(0,0,0,0.6)\u00a0\u00bb use_border_color=\u00a0\u00bboff\u00a0\u00bb global_colors_info=\u00a0\u00bb{}\u00a0\u00bb]&nbsp;<br \/>\n[\/et_pb_image][et_pb_text _builder_version=\u00a0\u00bb3.27.4&Prime; text_font=\u00a0\u00bb||||||||\u00a0\u00bb text_orientation=\u00a0\u00bbcenter\u00a0\u00bb max_width_tablet=\u00a0\u00bb\u00a0\u00bb max_width_phone=\u00a0\u00bb100%\u00a0\u00bb max_width_last_edited=\u00a0\u00bbon|phone\u00a0\u00bb module_alignment=\u00a0\u00bbcenter\u00a0\u00bb global_colors_info=\u00a0\u00bb{}\u00a0\u00bb]<\/p>\n<h2><span style=\"font-family: lemonnn; font-size: 24pt;\">Sandrine Lepatre<br \/>\n<\/span><\/h2>\n<h2><span style=\"font-size: 14pt; font-family: lemonnn;\"><strong>Psychologue &#8211; Tr\u00e9sori\u00e8re<\/strong><br \/>\n<\/span><\/h2>\n<h2><strong><span style=\"font-family: lemonnn; font-size: 14pt;\">sandrine.lepatre@familien.fr<\/span><\/strong><\/h2>\n<p>[\/et_pb_text][et_pb_toggle title=\u00a0\u00bbSandrine en quelques mots :\u00a0\u00bb _builder_version=\u00a0\u00bb3.11.1&Prime; title_level=\u00a0\u00bbh6&Prime; title_font=\u00a0\u00bbHappy Monkey||||||||\u00a0\u00bb title_font_size=\u00a0\u00bb13px\u00a0\u00bb global_colors_info=\u00a0\u00bb{}\u00a0\u00bb]<span style=\"color: #000000; font-size: 12pt;\">Sandrine elle est psychologue et gestionnaire d&rsquo;une cr\u00e8che. Les questions d&rsquo;\u00e9ducation et d&rsquo;accompagnement \u00e0 la parentalit\u00e9 c&rsquo;est un petit peu son quotidien. Elle r\u00eavait d&rsquo;une cr\u00e8che avec une \u00e9quipe \u00e0 l&rsquo;\u00e9coute des besoins des enfants et des parents et c&rsquo;est pour \u00e7a qu&rsquo;elle a cr\u00e9\u00e9 sa structure.<\/span><\/p>\n<p><span style=\"color: #000000; font-size: 12pt;\">Que ce soit professionnellement ou pour sa fille, elle n&rsquo;h\u00e9site pas \u00e0 se questionner, \u00e0 se r\u00e9-inventer pour arriver \u00e0 trouver des solutions toujours imaginatives aux probl\u00e8mes. Elle est \u00e0 l&rsquo;\u00e9coute, patiente et douce.<\/span><\/p>\n<p><span style=\"color: #000000; font-size: 12pt;\">Sandrine elle apporte son regard de psychologue dans l&rsquo;aventure Familien, elle questionne, s&rsquo;interroge &#8230;. Et nous \u00e7a nous aide \u00e0 avancer dans un projet toujours plus adapt\u00e9 aux besoins des enfants ayant un proche hospitalis\u00e9.<\/span><br \/>\n[\/et_pb_toggle][\/et_pb_column][et_pb_column type=\u00a0\u00bb1_4&Prime; _builder_version=\u00a0\u00bb3.25&Prime; custom_padding=\u00a0\u00bb|||\u00a0\u00bb global_colors_info=\u00a0\u00bb{}\u00a0\u00bb custom_padding__hover=\u00a0\u00bb|||\u00a0\u00bb][\/et_pb_column][\/et_pb_row][et_pb_row _builder_version=\u00a0\u00bb4.0.7&Prime; global_colors_info=\u00a0\u00bb{}\u00a0\u00bb][et_pb_column type=\u00a0\u00bb4_4&Prime; _builder_version=\u00a0\u00bb4.0.7&Prime; global_colors_info=\u00a0\u00bb{}\u00a0\u00bb][et_pb_text _builder_version=\u00a0\u00bb4.0.7&Prime; global_colors_info=\u00a0\u00bb{}\u00a0\u00bb]<\/p>\n<h3>Les b\u00e9n\u00e9voles<\/h3>\n<p>[\/et_pb_text][\/et_pb_column][\/et_pb_row][et_pb_row column_structure=\u00a0\u00bb3_5,2_5&Prime; _builder_version=\u00a0\u00bb3.25&Prime; global_colors_info=\u00a0\u00bb{}\u00a0\u00bb][et_pb_column type=\u00a0\u00bb3_5&Prime; _builder_version=\u00a0\u00bb3.25&Prime; custom_padding=\u00a0\u00bb|||\u00a0\u00bb global_colors_info=\u00a0\u00bb{}\u00a0\u00bb custom_padding__hover=\u00a0\u00bb|||\u00a0\u00bb][et_pb_text _builder_version=\u00a0\u00bb4.6.1&Prime; text_font=\u00a0\u00bb||||||||\u00a0\u00bb text_font_size=\u00a0\u00bb15px\u00a0\u00bb global_colors_info=\u00a0\u00bb{}\u00a0\u00bb]<\/p>\n<p>Familien c&rsquo;est une \u00e9quipe de b\u00e9n\u00e9voles aux profils vari\u00e9s qui oeuvrent pour donner vie \u00e0 toutes nos actions.<\/p>\n<p>De la r\u00e9alisation de formations, \u00e0 la tenue de stands, en passant par l&rsquo;animation des accueils pour enfant&#8230; il y en a pour tous les go\u00fbts.<\/p>\n<p>[\/et_pb_text][\/et_pb_column][et_pb_column type=\u00a0\u00bb2_5&Prime; _builder_version=\u00a0\u00bb3.25&Prime; custom_padding=\u00a0\u00bb|||\u00a0\u00bb global_colors_info=\u00a0\u00bb{}\u00a0\u00bb custom_padding__hover=\u00a0\u00bb|||\u00a0\u00bb][et_pb_image src=\u00a0\u00bbhttps:\/\/familien.fr\/wp-content\/uploads\/2019\/07\/IMG-20190206-WA0010.jpg\u00a0\u00bb align=\u00a0\u00bbcenter\u00a0\u00bb align_tablet=\u00a0\u00bbcenter\u00a0\u00bb align_phone=\u00a0\u00bb\u00a0\u00bb align_last_edited=\u00a0\u00bbon|desktop\u00a0\u00bb _builder_version=\u00a0\u00bb3.23&Prime; width=\u00a0\u00bb61%\u00a0\u00bb custom_margin=\u00a0\u00bb-24px||\u00a0\u00bb box_shadow_style=\u00a0\u00bbpreset2&Prime; global_colors_info=\u00a0\u00bb{}\u00a0\u00bb][\/et_pb_image][\/et_pb_column][\/et_pb_row][et_pb_row _builder_version=\u00a0\u00bb4.0.7&Prime; global_colors_info=\u00a0\u00bb{}\u00a0\u00bb][et_pb_column type=\u00a0\u00bb4_4&Prime; _builder_version=\u00a0\u00bb4.0.7&Prime; global_colors_info=\u00a0\u00bb{}\u00a0\u00bb][et_pb_text _builder_version=\u00a0\u00bb4.14.8&Prime; hover_enabled=\u00a0\u00bb0&Prime; global_colors_info=\u00a0\u00bb{}\u00a0\u00bb sticky_enabled=\u00a0\u00bb0&Prime;]<\/p>\n<h3>Faire connaitre Familien<\/h3>\n<p>N&rsquo;h\u00e9sitez pas \u00e0 faire connaitre l&rsquo;association autour de vous.<\/p>\n<p>Sur simple demande nous pouvons vous faire parvenir gratuitement des supports \u00e0 distribuer.<\/p>\n<p>&gt; Des plaquettes de pr\u00e9sentation de l&rsquo;association \u00e0 mettre \u00e0 disposition du public (salles d&rsquo;attentes, pharmacies, CAF, PMI, \u00e9coles, cr\u00e8ches, cabinets m\u00e9dicaux et param\u00e9dicaux&#8230;)<\/p>\n<p>&gt; Des affiches de pr\u00e9sentation de l&rsquo;association au format A4<\/p>\n<p>[\/et_pb_text][\/et_pb_column][\/et_pb_row][\/et_pb_section]<\/p>\n<span class=\"et_bloom_bottom_trigger\"><\/span>","protected":false},"excerpt":{"rendered":"<p>L&rsquo;associationEn bref L&rsquo;association Familien cr\u00e9\u00e9e par des professionnels de sant\u00e9 et des parents agit pour prot\u00e9ger et accompagner le lien entre l&rsquo;enfant et son proche hospitalis\u00e9 (parent, fr\u00e8re, soeur, grand-parent, ami&#8230;) Notre mission &gt; D\u00e9velopper des supports de communication et d&rsquo;information pour les enfants, leurs parents et les professionnels de sant\u00e9 autour de l&rsquo;hospitalisation et [&hellip;]<\/p>\n","protected":false},"author":1,"featured_media":0,"parent":0,"menu_order":0,"comment_status":"closed","ping_status":"closed","template":"","meta":{"_et_pb_use_builder":"on","_et_pb_old_content":"","_et_gb_content_width":"","footnotes":""},"class_list":["post-1628","page","type-page","status-publish","hentry"],"yoast_head":"<!-- This site is optimized with the Yoast SEO plugin v14.9 - https:\/\/yoast.com\/wordpress\/plugins\/seo\/ -->\n<title>L&#039;association - Familien<\/title>\n<meta name=\"robots\" content=\"index, follow, max-snippet:-1, max-image-preview:large, max-video-preview:-1\" \/>\n<link rel=\"canonical\" href=\"https:\/\/familien.fr\/index.php\/lassociation\/\" \/>\n<meta property=\"og:locale\" content=\"fr_FR\" \/>\n<meta property=\"og:type\" content=\"article\" \/>\n<meta property=\"og:title\" content=\"L&#039;association - Familien\" \/>\n<meta property=\"og:description\" content=\"L&#039;associationEn bref L&#039;association Familien cr\u00e9\u00e9e par des professionnels de sant\u00e9 et des parents agit pour prot\u00e9ger et accompagner le lien entre l&#039;enfant et son proche hospitalis\u00e9 (parent, fr\u00e8re, soeur, grand-parent, ami...) Notre mission &gt; D\u00e9velopper des supports de communication et d&#039;information pour les enfants, leurs parents et les professionnels de sant\u00e9 autour de l&#039;hospitalisation et [&hellip;]\" \/>\n<meta property=\"og:url\" content=\"https:\/\/familien.fr\/index.php\/lassociation\/\" \/>\n<meta property=\"og:site_name\" content=\"Familien\" \/>\n<meta property=\"article:publisher\" content=\"https:\/\/www.facebook.com\/accueilfamilien\/\" \/>\n<meta property=\"article:modified_time\" content=\"2025-01-30T06:53:46+00:00\" \/>\n<meta name=\"twitter:card\" content=\"summary\" \/>\n<script type=\"application\/ld+json\" class=\"yoast-schema-graph\">{\"@context\":\"https:\/\/schema.org\",\"@graph\":[{\"@type\":\"WebSite\",\"@id\":\"https:\/\/familien.fr\/#website\",\"url\":\"https:\/\/familien.fr\/\",\"name\":\"Familien\",\"description\":\"accompagnement de la famille confront\\u00e9e \\u00e0 l&#039;hospitalisation\",\"potentialAction\":[{\"@type\":\"SearchAction\",\"target\":\"https:\/\/familien.fr\/?s={search_term_string}\",\"query-input\":\"required name=search_term_string\"}],\"inLanguage\":\"fr-FR\"},{\"@type\":\"WebPage\",\"@id\":\"https:\/\/familien.fr\/index.php\/lassociation\/#webpage\",\"url\":\"https:\/\/familien.fr\/index.php\/lassociation\/\",\"name\":\"L'association - Familien\",\"isPartOf\":{\"@id\":\"https:\/\/familien.fr\/#website\"},\"datePublished\":\"2019-12-12T14:11:02+00:00\",\"dateModified\":\"2025-01-30T06:53:46+00:00\",\"inLanguage\":\"fr-FR\",\"potentialAction\":[{\"@type\":\"ReadAction\",\"target\":[\"https:\/\/familien.fr\/index.php\/lassociation\/\"]}]}]}<\/script>\n<!-- \/ Yoast SEO plugin. -->","_links":{"self":[{"href":"https:\/\/familien.fr\/index.php\/wp-json\/wp\/v2\/pages\/1628","targetHints":{"allow":["GET"]}}],"collection":[{"href":"https:\/\/familien.fr\/index.php\/wp-json\/wp\/v2\/pages"}],"about":[{"href":"https:\/\/familien.fr\/index.php\/wp-json\/wp\/v2\/types\/page"}],"author":[{"embeddable":true,"href":"https:\/\/familien.fr\/index.php\/wp-json\/wp\/v2\/users\/1"}],"replies":[{"embeddable":true,"href":"https:\/\/familien.fr\/index.php\/wp-json\/wp\/v2\/comments?post=1628"}],"version-history":[{"count":8,"href":"https:\/\/familien.fr\/index.php\/wp-json\/wp\/v2\/pages\/1628\/revisions"}],"predecessor-version":[{"id":2265,"href":"https:\/\/familien.fr\/index.php\/wp-json\/wp\/v2\/pages\/1628\/revisions\/2265"}],"wp:attachment":[{"href":"https:\/\/familien.fr\/index.php\/wp-json\/wp\/v2\/media?parent=1628"}],"curies":[{"name":"wp","href":"https:\/\/api.w.org\/{rel}","templated":true}]}}