{"id":1910,"date":"2020-01-31T12:54:00","date_gmt":"2020-01-31T11:54:00","guid":{"rendered":"https:\/\/familien.fr\/?page_id=1910"},"modified":"2020-09-15T13:49:10","modified_gmt":"2020-09-15T11:49:10","slug":"hospitalisation-a-domicile","status":"publish","type":"page","link":"https:\/\/familien.fr\/index.php\/hospitalisation-a-domicile\/","title":{"rendered":"Hospitalisation \u00e0 domicile"},"content":{"rendered":"<p>[et_pb_section fb_built=\u00a0\u00bb1&Prime; _builder_version=\u00a0\u00bb3.22&Prime;][et_pb_row column_structure=\u00a0\u00bb1_2,1_2&Prime; _builder_version=\u00a0\u00bb3.25&Prime; background_size=\u00a0\u00bbinitial\u00a0\u00bb background_position=\u00a0\u00bbtop_left\u00a0\u00bb background_repeat=\u00a0\u00bbrepeat\u00a0\u00bb][et_pb_column type=\u00a0\u00bb1_2&Prime; _builder_version=\u00a0\u00bb3.25&Prime; custom_padding=\u00a0\u00bb|||\u00a0\u00bb custom_padding__hover=\u00a0\u00bb|||\u00a0\u00bb][et_pb_image src=\u00a0\u00bbhttps:\/\/familien.fr\/wp-content\/uploads\/2020\/09\/LIVRET20HAD_couv_20.01.2020-01-prochainement-v2.png\u00a0\u00bb alt=\u00a0\u00bbLivret Familien hospitalisation \u00e0 domicile\u00a0\u00bb title_text=\u00a0\u00bbLIVRETHAD_couv_20.01.2020-01 prochainement v2&Prime; _builder_version=\u00a0\u00bb4.6.1&Prime;][\/et_pb_image][et_pb_contact_form email=\u00a0\u00bbcontact@familien.fr\u00a0\u00bb success_message=\u00a0\u00bbVotre message a \u00e9t\u00e9 envoy\u00e9 ! \u00a0\u00bb submit_button_text=\u00a0\u00bbEnvoyer\u00a0\u00bb module_id=\u00a0\u00bbet_pb_contact_form_0&Prime; _builder_version=\u00a0\u00bb3.17.6&Prime;][et_pb_contact_field field_id=\u00a0\u00bbNom\u00a0\u00bb field_title=\u00a0\u00bbNom\u00a0\u00bb _builder_version=\u00a0\u00bb3.17.2&Prime;][\/et_pb_contact_field][et_pb_contact_field field_id=\u00a0\u00bbEmail\u00a0\u00bb field_title=\u00a0\u00bbAdresse e-mail\u00a0\u00bb field_type=\u00a0\u00bbemail\u00a0\u00bb _builder_version=\u00a0\u00bb3.17.2&Prime;][\/et_pb_contact_field][et_pb_contact_field field_id=\u00a0\u00bbMessage\u00a0\u00bb field_title=\u00a0\u00bbMessage\u00a0\u00bb field_type=\u00a0\u00bbtext\u00a0\u00bb fullwidth_field=\u00a0\u00bbon\u00a0\u00bb _builder_version=\u00a0\u00bb3.17.2&Prime;][\/et_pb_contact_field][\/et_pb_contact_form][\/et_pb_column][et_pb_column type=\u00a0\u00bb1_2&Prime; _builder_version=\u00a0\u00bb3.25&Prime; custom_padding=\u00a0\u00bb|||\u00a0\u00bb custom_padding__hover=\u00a0\u00bb|||\u00a0\u00bb][et_pb_text _builder_version=\u00a0\u00bb4.6.1&Prime;]<\/p>\n<p>Votre mari, votre m\u00e8re, votre fils&#8230; ou toute autre personne est hospitalis\u00e9e \u00e0 la maison ? Vous ne savez comment r\u00e9pondre aux questions que se posent les enfants ?<\/p>\n<p>Comment leur expliquer la situation ? Ou leur parler de la maladie ? Comment les informer sans trop les inqui\u00e9ter ?<\/p>\n<p>Le livret Familien est l\u00e0 pour \u00e7a ! Des explications, des illustrations et diverses activit\u00e9s sur l&rsquo;hospitalisation \u00e0 domicile.<\/p>\n<p><strong>Ce livret sortira prochainement<\/strong>.<\/p>\n<p>Age conseill\u00e9 : 3 \u00e0 6 ans<\/p>\n<p>&nbsp;<\/p>\n<p><strong>Afin de construire le livret qui r\u00e9ponde au mieux \u00e0 vos besoins vous pouvez r\u00e9pondre \u00e0 notre questionnaire \u00e0 ce sujet.<\/strong><\/p>\n<p><strong>Pour le faire, rien de plus simple, il suffit de cliquer sur le bouton ci dessous !<\/strong><\/p>\n<p>&nbsp;<\/p>\n<p>Et pour toute autre question, il y a le formulaire contact.<\/p>\n<p>[\/et_pb_text][et_pb_button button_url=\u00a0\u00bbhttps:\/\/forms.gle\/22kiACrW1MKRo9DbA\u00a0\u00bb button_text=\u00a0\u00bbquestionnaire\u00a0\u00bb button_alignment=\u00a0\u00bbright\u00a0\u00bb _builder_version=\u00a0\u00bb4.2.2&Prime;][\/et_pb_button][et_pb_button button_url=\u00a0\u00bbhttps:\/\/familien.fr\/index.php\/boutique\/\u00a0\u00bb button_text=\u00a0\u00bbBoutique\u00a0\u00bb button_alignment=\u00a0\u00bbright\u00a0\u00bb _builder_version=\u00a0\u00bb4.2.2&Prime; custom_margin=\u00a0\u00bb215px|||||\u00a0\u00bb][\/et_pb_button][\/et_pb_column][\/et_pb_row][\/et_pb_section]<\/p>\n<span class=\"et_bloom_bottom_trigger\"><\/span>","protected":false},"excerpt":{"rendered":"<p>Votre mari, votre m\u00e8re, votre fils&#8230; ou toute autre personne est hospitalis\u00e9e \u00e0 la maison ? Vous ne savez comment r\u00e9pondre aux questions que se posent les enfants ? Comment leur expliquer la situation ? Ou leur parler de la maladie ? Comment les informer sans trop les inqui\u00e9ter ? Le livret Familien est l\u00e0 [&hellip;]<\/p>\n","protected":false},"author":1,"featured_media":0,"parent":0,"menu_order":0,"comment_status":"closed","ping_status":"closed","template":"","meta":{"_et_pb_use_builder":"on","_et_pb_old_content":"","_et_gb_content_width":"","footnotes":""},"class_list":["post-1910","page","type-page","status-publish","hentry"],"yoast_head":"<!-- This site is optimized with the Yoast SEO plugin v14.9 - https:\/\/yoast.com\/wordpress\/plugins\/seo\/ -->\n<title>Hospitalisation \u00e0 domicile - Familien<\/title>\n<meta name=\"robots\" content=\"index, follow, max-snippet:-1, max-image-preview:large, max-video-preview:-1\" \/>\n<link rel=\"canonical\" href=\"https:\/\/familien.fr\/index.php\/hospitalisation-a-domicile\/\" \/>\n<meta property=\"og:locale\" content=\"fr_FR\" \/>\n<meta property=\"og:type\" content=\"article\" \/>\n<meta property=\"og:title\" content=\"Hospitalisation \u00e0 domicile - Familien\" \/>\n<meta property=\"og:description\" content=\"Votre mari, votre m\u00e8re, votre fils... ou toute autre personne est hospitalis\u00e9e \u00e0 la maison ? Vous ne savez comment r\u00e9pondre aux questions que se posent les enfants ? Comment leur expliquer la situation ? Ou leur parler de la maladie ? Comment les informer sans trop les inqui\u00e9ter ? Le livret Familien est l\u00e0 [&hellip;]\" \/>\n<meta property=\"og:url\" content=\"https:\/\/familien.fr\/index.php\/hospitalisation-a-domicile\/\" \/>\n<meta property=\"og:site_name\" content=\"Familien\" \/>\n<meta property=\"article:publisher\" content=\"https:\/\/www.facebook.com\/accueilfamilien\/\" \/>\n<meta property=\"article:modified_time\" content=\"2020-09-15T11:49:10+00:00\" \/>\n<meta name=\"twitter:card\" content=\"summary\" \/>\n<script type=\"application\/ld+json\" class=\"yoast-schema-graph\">{\"@context\":\"https:\/\/schema.org\",\"@graph\":[{\"@type\":\"WebSite\",\"@id\":\"https:\/\/familien.fr\/#website\",\"url\":\"https:\/\/familien.fr\/\",\"name\":\"Familien\",\"description\":\"accompagnement de la famille confront\\u00e9e \\u00e0 l&#039;hospitalisation\",\"potentialAction\":[{\"@type\":\"SearchAction\",\"target\":\"https:\/\/familien.fr\/?s={search_term_string}\",\"query-input\":\"required name=search_term_string\"}],\"inLanguage\":\"fr-FR\"},{\"@type\":\"WebPage\",\"@id\":\"https:\/\/familien.fr\/index.php\/hospitalisation-a-domicile\/#webpage\",\"url\":\"https:\/\/familien.fr\/index.php\/hospitalisation-a-domicile\/\",\"name\":\"Hospitalisation \\u00e0 domicile - Familien\",\"isPartOf\":{\"@id\":\"https:\/\/familien.fr\/#website\"},\"datePublished\":\"2020-01-31T11:54:00+00:00\",\"dateModified\":\"2020-09-15T11:49:10+00:00\",\"inLanguage\":\"fr-FR\",\"potentialAction\":[{\"@type\":\"ReadAction\",\"target\":[\"https:\/\/familien.fr\/index.php\/hospitalisation-a-domicile\/\"]}]}]}<\/script>\n<!-- \/ Yoast SEO plugin. -->","_links":{"self":[{"href":"https:\/\/familien.fr\/index.php\/wp-json\/wp\/v2\/pages\/1910","targetHints":{"allow":["GET"]}}],"collection":[{"href":"https:\/\/familien.fr\/index.php\/wp-json\/wp\/v2\/pages"}],"about":[{"href":"https:\/\/familien.fr\/index.php\/wp-json\/wp\/v2\/types\/page"}],"author":[{"embeddable":true,"href":"https:\/\/familien.fr\/index.php\/wp-json\/wp\/v2\/users\/1"}],"replies":[{"embeddable":true,"href":"https:\/\/familien.fr\/index.php\/wp-json\/wp\/v2\/comments?post=1910"}],"version-history":[{"count":7,"href":"https:\/\/familien.fr\/index.php\/wp-json\/wp\/v2\/pages\/1910\/revisions"}],"predecessor-version":[{"id":2172,"href":"https:\/\/familien.fr\/index.php\/wp-json\/wp\/v2\/pages\/1910\/revisions\/2172"}],"wp:attachment":[{"href":"https:\/\/familien.fr\/index.php\/wp-json\/wp\/v2\/media?parent=1910"}],"curies":[{"name":"wp","href":"https:\/\/api.w.org\/{rel}","templated":true}]}}